{"id":444,"date":"2023-09-14T15:23:23","date_gmt":"2023-09-14T13:23:23","guid":{"rendered":"https:\/\/mecanisold.com\/cookies\/"},"modified":"2024-02-08T17:16:57","modified_gmt":"2024-02-08T15:16:57","slug":"cookies","status":"publish","type":"page","link":"https:\/\/mecanisold.com\/es\/cookies\/","title":{"rendered":"Cookies"},"content":{"rendered":"\n<p>En relaci\u00f3n a las Cookies durante la navegaci\u00f3n<\/p>\n\n<p>Una cookie (o galleta inform\u00e1tica) es una peque\u00f1a informaci\u00f3n enviada por un sitio web y almacenada en el navegador del usuario, por lo que el sitio web puede consultar la actividad previa del usuario. Sus principales funciones son: Sus principales funciones son:<\/p>\n\n<ul>\n<li>Llevar el control de usuarios: cuando un usuario introduce su nombre de usuario y contrase\u00f1a, se almacena una cookie para que no tenga que introducirlas para cada p\u00e1gina del servidor. Por otro lado, una cookie no identifica s\u00f3lo a una persona, sino a una combinaci\u00f3n de computadora-navegador-usuario.<\/li>\n\n\n\n<li>Conseguir informaci\u00f3n sobre los h\u00e1bitos de navegaci\u00f3n del usuario, entre otros.<\/li>\n<\/ul>\n\n<h2 class=\"wp-block-heading\">Cookies propias:<\/h2>\n\n<figure class=\"wp-block-table\"><table><tbody><tr><td>Tipos de cookie<\/td><td>Finalidad<\/td><\/tr><tr><td>cnolotci_session<\/td><td>Facilitar informaci\u00f3n de inicio a la intranet<\/td><\/tr><tr><td>PHPSESSID<\/td><td>Control de sesi\u00f3n<\/td><\/tr><\/tbody><\/table><\/figure>\n\n<h2 class=\"wp-block-heading\">Cookies de terceros en el portal:<\/h2>\n\n<figure class=\"wp-block-table\"><table><thead><tr><th>Tipos de cookie<\/th><th>Empresa<\/th><th>Finalidad<\/th><th>+ Informaci\u00f3n<\/th><\/tr><\/thead><tbody><tr><td>_utma_utmb_utmc_utmz<\/td><td>Google<\/td><td>Navegaci\u00f3n de forma An\u00f3nima que permite saber qu\u00e9 se consulta y c\u00f3mo se navega<\/td><td><a href=\"http:\/\/www.google.es\/intl\/es\/analytics\/privacyoverview.html\">+ Informaci\u00f3n<\/a><\/td><\/tr><\/tbody><\/table><\/figure>\n\n<h2 class=\"wp-block-heading\">Cookies insertadas por otros canales en el portal:<\/h2>\n\n<figure class=\"wp-block-table\"><table><tbody><tr><td>Tipos de cookie<\/td><td>Empresa<\/td><td>Finalidad<\/td><td>+ Informaci\u00f3n<\/td><\/tr><tr><td>\u00a0<\/td><td>Twitter<\/td><td>Visitante<\/td><td><a href=\"https:\/\/twitter.com\/privacy\">Informaci\u00f3n<\/a><\/td><\/tr><tr><td>\u00a0<\/td><td>Facebook<\/td><td>Visitante<\/td><td><a href=\"https:\/\/www.facebook.com\/help\/cookies\">Informaci\u00f3n<\/a><\/td><\/tr><tr><td>\u00a0<\/td><td>Picassa<\/td><td>Visitante<\/td><td><a href=\"http:\/\/www.google.com\/intl\/en\/policies\/technologies\/cookies\/\">Informaci\u00f3n<\/a><\/td><\/tr><\/tbody><\/table><\/figure>\n\n<h2 class=\"wp-block-heading\">GESTIONAR COOKIES<\/h2>\n\n<p>Puedes permitir, bloquear o eliminar las cookies instaladas en tu equipo mediante la configuraci\u00f3n de las opciones del navegador instalado en tu ordenador.<\/p>\n\n<p>Si no est\u00e1s seguro de qu\u00e9 tipo y versi\u00f3n de navegador utilizas para acceder a internet:<\/p>\n\n<ul>\n<li>Para Windows: tienes que hacer clic en \"Ayuda\" en la parte superior de la ventana del navegador y seleccionar la opci\u00f3n \"Sobre el\".<\/li>\n\n\n\n<li>Para Mac: con la ventana del navegador abierta, pulsar en el men\u00fa de Apple y seleccionar la opci\u00f3n \"Sobre el ...\".<\/li>\n<\/ul>\n\n<h2 class=\"wp-block-heading\">C\u00d3MO GESTIONAR LAS COOKIES EN WINDOWS<\/h2>\n\n<h3 class=\"wp-block-heading\">Google Chrome<\/h3>\n\n<ol>\n<li>Haz clic en el men\u00fa de Chrome situado en la barra de herramientas del navegador.<\/li>\n\n\n\n<li>Selecciona \u201cConfiguraci\u00f3n\u201d.<\/li>\n\n\n\n<li>Haz clic en \u201cMostrar opciones avanzadas\u2026\u201d<\/li>\n\n\n\n<li>En la secci\u00f3n \u201cPrivacidad\u201d, haz clic en el bot\u00f3n \u201cConfiguraci\u00f3n de contenido\u2026\u201d.<\/li>\n\n\n\n<li>En la secci\u00f3n \u201cCookies\u201d, puedes configurar las opciones que se indican a continuaci\u00f3n: Eliminar cookies, bloquear o permitir las cookies de forma predeterminada, incluir excepciones de cookies de dominos o sitios web espec\u00edficos.<\/li>\n\n\n\n<li>Si necesitas m\u00e1s detalles puedes consultar la ayuda de Google Chrome.<\/li>\n<\/ol>\n\n<h3 class=\"wp-block-heading\">Microsoft Internet Explorer 7.0 y 8.0<\/h3>\n\n<ol>\n<li>Haz clic en el bot\u00f3n \u201cHerramientas\u201d y despu\u00e9s en \u201cOpciones de Internet\u201d.<\/li>\n\n\n\n<li>Haz clic en la ficha \u201cPrivacidad\u201d y, a continuaci\u00f3n, mueve el control deslizante a una posici\u00f3n intermedia entre los extremos superior e inferior, de forma que no se bloqueen ni permitan todas las cookies.<\/li>\n\n\n\n<li>Haz clic en \u201cSitios\u201d.<\/li>\n\n\n\n<li>En el cuadro \u201cDirecci\u00f3n del sitio web\u201d, escribe la direcci\u00f3n de un sitio web y, despu\u00e9s, haz clic en \u201cBloquear\u201d o \u201cPermitir\u201d.<\/li>\n\n\n\n<li>Mientras escribe, ir\u00e1 apareciendo una lista de las p\u00e1ginas web que ya haya visitado. Si hace clic en un elemento de la lista, se mostrar\u00e1 en el cuadro Direcci\u00f3n del sitio web.<\/li>\n\n\n\n<li>Al finalizar, haz clic en \u201cAceptar\u201d.<\/li>\n\n\n\n<li>Vuelve a colocar el control deslizante en su posici\u00f3n original y haz clic en \u201cAceptar\u201d.<\/li>\n\n\n\n<li>Puedes consultar la ayuda de Windows para m\u00e1s informaci\u00f3n.<\/li>\n<\/ol>\n\n<h3 class=\"wp-block-heading\">Mozilla Firefox<\/h3>\n\n<ol>\n<li>En la parte superior de la ventana de Firefox, haz clic en el bot\u00f3n Firefox y selecciona \u201cOpciones\u201d.<\/li>\n\n\n\n<li>Selecciona el panel \u201cPrivacidad\u201d.<\/li>\n\n\n\n<li>En \u201cFirefox podr\u00e1:\u201d escoger \u201cUsar una configuraci\u00f3n personalizada para el historial\u201d.<\/li>\n\n\n\n<li>Marca la opci\u00f3n \"Aceptar cookies\" para activarlas y desm\u00e1rcala para desactivarlas.<\/li>\n\n\n\n<li>Si no quieres recibir cookies de terceros desmarca \u201cAceptar cookies de terceros\u201d.<\/li>\n\n\n\n<li>Puedes consultar la ayuda de Mozilla para obtener m\u00e1s informaci\u00f3n.<\/li>\n<\/ol>\n\n<h3 class=\"wp-block-heading\">Safari<\/h3>\n\n<ol>\n<li>Haz clic en \u201cSafari\u201d en la parte superior de la ventana de tu navegador y selecciona la opci\u00f3n \u201cPreferencias\u201d.<\/li>\n\n\n\n<li>Haz clic en \u201cPrivacidad\u201d.<\/li>\n\n\n\n<li>En el apartado \u201cBloquear cookies\u201d selecciona una de las siguientes opciones seg\u00fan te interese: \u201cDe publicidad y terceros\u201d, \u201cSiempre\u201d, o \u201cNunca\u201d.<\/li>\n<\/ol>\n\n<h3 class=\"wp-block-heading\">Opera<\/h3>\n\n<ol>\n<li>Haz clic en \u201cConfiguraci\u00f3n\u201d en la parte superior de la ventana del navegador y selecciona \u201cOpciones\u201d.<\/li>\n\n\n\n<li>A continuaci\u00f3n selecciona la pesta\u00f1a \u201cAvanzado\u201d y en la lista de la izquierda selecciona \u201cCookies\u201d.<\/li>\n\n\n\n<li>A continuaci\u00f3 selecciona \u201cAcceptar cookies\u201d.<\/li>\n\n\n\n<li>Dispone de tres opciones seg\u00fan la preferencia \"Aceptar cookies\".<\/li>\n<\/ol>\n\n<h2 class=\"wp-block-heading\">C\u00d3MO GESTIONAR LAS COOKIES EN MAC<\/h2>\n\n<h3 class=\"wp-block-heading\">Google Chrome<\/h3>\n\n<ol>\n<li>Haz clic en el men\u00fa de Chrome situado en la barra de herramientas del navegador.<\/li>\n\n\n\n<li>Selecciona \u201cConfiguraci\u00f3n\u201d.<\/li>\n\n\n\n<li>Haz clic en \u201cMostrar opciones avanzadas\u2026\u201d<\/li>\n\n\n\n<li>En la secci\u00f3n \u201cPrivacidad\u201d, haz clic en el bot\u00f3n \u201cConfiguraci\u00f3n de contenido\u2026\u201d.<\/li>\n\n\n\n<li>En la secci\u00f3n \u201cCookies\u201d, puedes configurar las opciones que se indican a continuaci\u00f3n: Eliminar cookies, bloquear o permitir las cookies de forma predeterminada, incluir excepciones de cookies de dominios o sitios web espec\u00edficos.<\/li>\n<\/ol>\n\n<h3 class=\"wp-block-heading\">Microsoft Internet Explorer<\/h3>\n\n<ol>\n<li>Haz clic en \u201cExplorer\u201d en la parte superior de la ventana de su navegador y selecciona las opciones de \u201cPreferencias\u201d.<\/li>\n\n\n\n<li>Despl\u00e1zate hasta abajo hasta que aparezca \u201cCookies\u201d en Archivos recibidos.<\/li>\n\n\n\n<li>Selecciona la opci\u00f3n \"No preguntar nunca\".<\/li>\n\n\n\n<li>Haz clic en \u201cAceptar\u201d.<\/li>\n<\/ol>\n\n<h3 class=\"wp-block-heading\">Mozilla Firefox<\/h3>\n\n<ol>\n<li>En la barra de men\u00fas, haz clic en el men\u00fa Firefox y selecciona \u201cPreferencias\u2026\u201d.<\/li>\n\n\n\n<li>Selecciona el panel Privacidad.<\/li>\n\n\n\n<li>En \u201cFirefox podr\u00e1:\u201d debes escoger \u201cUtilizar una configuraci\u00f3n personalizada para el historial\u201d.<\/li>\n\n\n\n<li>Marca la opci\u00f3n \"Aceptar cookies\" para activarlas, y desm\u00e1rcala para desactivarlas.<\/li>\n\n\n\n<li>Si no quieres recibir cookies de terceros desmarca \u201cAceptar cookies de terceros\u201d.<\/li>\n<\/ol>\n\n<h3 class=\"wp-block-heading\">Safari<\/h3>\n\n<ol>\n<li>Haz clic en \u201cSafari\u201d en la parte superior de la ventana de tu navegador y selecciona la opci\u00f3n \u201cPreferencias\u201d.<\/li>\n\n\n\n<li>Haz clic en \u201cPrivacidad\u201d.<\/li>\n\n\n\n<li>En el apartado \u201cBloquear cookies\u201d selecciona una de las siguientes opciones seg\u00fan te interese: \u201cDe publicidad y terceros\u201d, \u201cSiempre\u201d, o \u201cNunca\u201d.<\/li>\n<\/ol>\n\n<h3 class=\"wp-block-heading\">Opera<\/h3>\n\n<ol>\n<li>Haz clic en \u201cOpera\u201d en la parte superior de la ventana del navegador y selecciona \u201cOpciones\u201d.<\/li>\n\n\n\n<li>A continuaci\u00f3n selecciona la pesta\u00f1a \u201cAvanzado\u201d y en la lista de la izquierda selecciona \u201cCookies\u201d.<\/li>\n\n\n\n<li>A continuaci\u00f3n, seleccion \u201cAceptar cookies\u201d.<\/li>\n\n\n\n<li>Dispone de tres opciones seg\u00fan tu preferencia: \"Aceptar cookies\", \"Aceptar cookies s\u00f3lo del sitio visitado\" y \"No aceptar cookies nunca\".<\/li>\n<\/ol>\n","protected":false},"excerpt":{"rendered":"<p>En relaci\u00f3n a las Cookies durante la navegaci\u00f3n...<\/p>\n","protected":false},"author":2,"featured_media":0,"parent":0,"menu_order":0,"comment_status":"closed","ping_status":"closed","template":"","meta":{"footnotes":""},"template_site":[10],"acf":[],"yoast_head":"<!-- This site is optimized with the Yoast SEO plugin v21.4 - https:\/\/yoast.com\/wordpress\/plugins\/seo\/ -->\n<title>Cookies - Mecanisold<\/title>\n<meta name=\"robots\" content=\"index, follow, max-snippet:-1, max-image-preview:large, max-video-preview:-1\" \/>\n<link rel=\"canonical\" href=\"https:\/\/mecanisold.com\/es\/cookies\/\" \/>\n<meta property=\"og:locale\" content=\"es_ES\" \/>\n<meta property=\"og:type\" content=\"article\" \/>\n<meta property=\"og:title\" content=\"Cookies - Mecanisold\" \/>\n<meta property=\"og:description\" content=\"En relaci\u00f3n a las Cookies durante la navegaci\u00f3n...\" \/>\n<meta property=\"og:url\" content=\"https:\/\/mecanisold.com\/es\/cookies\/\" \/>\n<meta property=\"og:site_name\" content=\"Mecanisold\" \/>\n<meta property=\"article:modified_time\" content=\"2024-02-08T15:16:57+00:00\" \/>\n<meta name=\"twitter:card\" content=\"summary_large_image\" \/>\n<meta name=\"twitter:label1\" content=\"Tiempo de lectura\" \/>\n\t<meta name=\"twitter:data1\" content=\"5 minutos\" \/>\n<script type=\"application\/ld+json\" class=\"yoast-schema-graph\">{\"@context\":\"https:\/\/schema.org\",\"@graph\":[{\"@type\":\"WebPage\",\"@id\":\"https:\/\/mecanisold.com\/es\/cookies\/\",\"url\":\"https:\/\/mecanisold.com\/es\/cookies\/\",\"name\":\"Cookies - Mecanisold\",\"isPartOf\":{\"@id\":\"https:\/\/mecanisold.com\/#website\"},\"datePublished\":\"2023-09-14T13:23:23+00:00\",\"dateModified\":\"2024-02-08T15:16:57+00:00\",\"breadcrumb\":{\"@id\":\"https:\/\/mecanisold.com\/es\/cookies\/#breadcrumb\"},\"inLanguage\":\"es\",\"potentialAction\":[{\"@type\":\"ReadAction\",\"target\":[\"https:\/\/mecanisold.com\/es\/cookies\/\"]}]},{\"@type\":\"BreadcrumbList\",\"@id\":\"https:\/\/mecanisold.com\/es\/cookies\/#breadcrumb\",\"itemListElement\":[{\"@type\":\"ListItem\",\"position\":1,\"name\":\"Home\",\"item\":\"https:\/\/mecanisold.com\/es\/\"},{\"@type\":\"ListItem\",\"position\":2,\"name\":\"Cookies\"}]},{\"@type\":\"WebSite\",\"@id\":\"https:\/\/mecanisold.com\/#website\",\"url\":\"https:\/\/mecanisold.com\/\",\"name\":\"Mecanisold\",\"description\":\"Creant Metall a mida amb precisi\u00f3 impecable\",\"publisher\":{\"@id\":\"https:\/\/mecanisold.com\/#organization\"},\"potentialAction\":[{\"@type\":\"SearchAction\",\"target\":{\"@type\":\"EntryPoint\",\"urlTemplate\":\"https:\/\/mecanisold.com\/?s={search_term_string}\"},\"query-input\":\"required name=search_term_string\"}],\"inLanguage\":\"es\"},{\"@type\":\"Organization\",\"@id\":\"https:\/\/mecanisold.com\/#organization\",\"name\":\"Mecanisold\",\"url\":\"https:\/\/mecanisold.com\/\",\"logo\":{\"@type\":\"ImageObject\",\"inLanguage\":\"es\",\"@id\":\"https:\/\/mecanisold.com\/#\/schema\/logo\/image\/\",\"url\":\"https:\/\/mecanisold.com\/wp-content\/uploads\/2023\/09\/logo-mecanisold.svg\",\"contentUrl\":\"https:\/\/mecanisold.com\/wp-content\/uploads\/2023\/09\/logo-mecanisold.svg\",\"width\":263,\"height\":66,\"caption\":\"Mecanisold\"},\"image\":{\"@id\":\"https:\/\/mecanisold.com\/#\/schema\/logo\/image\/\"}}]}<\/script>\n<!-- \/ Yoast SEO plugin. -->","yoast_head_json":{"title":"Cookies - Mecanisold","robots":{"index":"index","follow":"follow","max-snippet":"max-snippet:-1","max-image-preview":"max-image-preview:large","max-video-preview":"max-video-preview:-1"},"canonical":"https:\/\/mecanisold.com\/es\/cookies\/","og_locale":"es_ES","og_type":"article","og_title":"Cookies - Mecanisold","og_description":"En relaci\u00f3n a las Cookies durante la navegaci\u00f3n...","og_url":"https:\/\/mecanisold.com\/es\/cookies\/","og_site_name":"Mecanisold","article_modified_time":"2024-02-08T15:16:57+00:00","twitter_card":"summary_large_image","twitter_misc":{"Tiempo de lectura":"5 minutos"},"schema":{"@context":"https:\/\/schema.org","@graph":[{"@type":"WebPage","@id":"https:\/\/mecanisold.com\/es\/cookies\/","url":"https:\/\/mecanisold.com\/es\/cookies\/","name":"Cookies - Mecanisold","isPartOf":{"@id":"https:\/\/mecanisold.com\/#website"},"datePublished":"2023-09-14T13:23:23+00:00","dateModified":"2024-02-08T15:16:57+00:00","breadcrumb":{"@id":"https:\/\/mecanisold.com\/es\/cookies\/#breadcrumb"},"inLanguage":"es","potentialAction":[{"@type":"ReadAction","target":["https:\/\/mecanisold.com\/es\/cookies\/"]}]},{"@type":"BreadcrumbList","@id":"https:\/\/mecanisold.com\/es\/cookies\/#breadcrumb","itemListElement":[{"@type":"ListItem","position":1,"name":"Home","item":"https:\/\/mecanisold.com\/es\/"},{"@type":"ListItem","position":2,"name":"Cookies"}]},{"@type":"WebSite","@id":"https:\/\/mecanisold.com\/#website","url":"https:\/\/mecanisold.com\/","name":"Mecanisold","description":"Creant Metall a mida amb precisi\u00f3 impecable","publisher":{"@id":"https:\/\/mecanisold.com\/#organization"},"potentialAction":[{"@type":"SearchAction","target":{"@type":"EntryPoint","urlTemplate":"https:\/\/mecanisold.com\/?s={search_term_string}"},"query-input":"required name=search_term_string"}],"inLanguage":"es"},{"@type":"Organization","@id":"https:\/\/mecanisold.com\/#organization","name":"Mecanisold","url":"https:\/\/mecanisold.com\/","logo":{"@type":"ImageObject","inLanguage":"es","@id":"https:\/\/mecanisold.com\/#\/schema\/logo\/image\/","url":"https:\/\/mecanisold.com\/wp-content\/uploads\/2023\/09\/logo-mecanisold.svg","contentUrl":"https:\/\/mecanisold.com\/wp-content\/uploads\/2023\/09\/logo-mecanisold.svg","width":263,"height":66,"caption":"Mecanisold"},"image":{"@id":"https:\/\/mecanisold.com\/#\/schema\/logo\/image\/"}}]}},"_links":{"self":[{"href":"https:\/\/mecanisold.com\/es\/wp-json\/wp\/v2\/pages\/444"}],"collection":[{"href":"https:\/\/mecanisold.com\/es\/wp-json\/wp\/v2\/pages"}],"about":[{"href":"https:\/\/mecanisold.com\/es\/wp-json\/wp\/v2\/types\/page"}],"author":[{"embeddable":true,"href":"https:\/\/mecanisold.com\/es\/wp-json\/wp\/v2\/users\/2"}],"replies":[{"embeddable":true,"href":"https:\/\/mecanisold.com\/es\/wp-json\/wp\/v2\/comments?post=444"}],"version-history":[{"count":2,"href":"https:\/\/mecanisold.com\/es\/wp-json\/wp\/v2\/pages\/444\/revisions"}],"predecessor-version":[{"id":446,"href":"https:\/\/mecanisold.com\/es\/wp-json\/wp\/v2\/pages\/444\/revisions\/446"}],"wp:attachment":[{"href":"https:\/\/mecanisold.com\/es\/wp-json\/wp\/v2\/media?parent=444"}],"wp:term":[{"taxonomy":"template_site","embeddable":true,"href":"https:\/\/mecanisold.com\/es\/wp-json\/wp\/v2\/template_site?post=444"}],"curies":[{"name":"wp","href":"https:\/\/api.w.org\/{rel}","templated":true}]}}